{"id":54,"date":"2026-02-18T09:53:01","date_gmt":"2026-02-18T08:53:01","guid":{"rendered":"https:\/\/konstfack2026.se\/?page_id=54"},"modified":"2026-05-12T19:08:24","modified_gmt":"2026-05-12T17:08:24","slug":"info","status":"publish","type":"page","link":"https:\/\/konstfack2026.se\/en\/info\/","title":{"rendered":"Info"},"content":{"rendered":"<div class=\"page-info-headline\">Exhibition<\/div>\n<p>The opening at Konstfack is on Wednesday 13 May, 12\u20137 pm. Inaugural speeches at 4:30 pm by Vice-Chancellor Anna Valtonen and curators Abir Boukhari and Ulrika Flink.<\/p>\n<p>The opening at F\u00e4rgfabriken and Platform Stockholm is also on Wednesday 13 May, 12\u20137 pm. An inaugural speech by the Vice-Chancellor will be held at F\u00e4rgfabriken at 5:30 pm.<\/p>\n<p>Opening hours for all exhibitions is Monday\u2013Friday from 12\u20136 pm, and Saturday\u2013Sunday from 12\u20134 pm.<\/p>\n<p>13\u201324 May, Konstfack LM Ericssons v\u00e4g 14<br \/>\n13\u201324 May, F\u00e4rgfabriken, L\u00f6vholmsbrinken 1 and Platform Stockholm, L\u00f6vholmsgr\u00e4nd 12<\/p>\n<div class=\"page-info-headline\">Map<\/div>\n<p><a href=\"\/wp-content\/uploads\/Karta-VU-2026.pdf\" target=\"_blank\">Download a map of the exhibition at Konstfack (pdf)<\/a><!-- a href=\"\/wp-content\/uploads\/#\" target=\"_blank\">Download a map of the exhibitions at F\u00e4rgfabriken and Platform Stockholm (pdf).<\/a --><\/p>\n<div class=\"page-info-headline\">Media and others<\/div>\n<p>Previews for journalists, curators or gallerists: Wednesday 13 May from 10 am at Konstfack, where bachelor\u2019s, master\u2019s, and teacher education students are exhibiting, as well as at F\u00e4rgfabriken and Platform Stockholm, where the master\u2019s students in fine art are presenting their work.<\/p>\n<p>Press information<br \/>\n<a href=\"https:\/\/www.mynewsdesk.com\/se\/konstfack\/pressreleases\/refusing-indifference-while-exploring-unfamiliar-paths-at-konstfacks-degree-exhibition-2026-3445167\" target=\"_blank\">Click here and read the press release about Konstfack\u2019s Degree Exhibition 2026<\/a><\/p>\n<p>Images<br \/>\nFor press photos, contact the students directly, details are on their pages.<br \/>\nPlease state photographer\u2019s name when using images.<\/p>\n<div class=\"page-info-headline\">Organisation<\/div>\n<p>Head of Exhibitions: Anne Klontz<br \/>\nCurators: Abir Boukhari and Ulrika Flink<br \/>\nExhibition Assistant: Maria Pita Guerreiro<br \/>\nPR and Communication: Susanne Helgeson and Patrik F\u00f6rberg<br \/>\nWebmaster and Website Development: Ivar Johansson<br \/>\nGraphic Design: Einar Zotterman and Otis Huss<br \/>\nText Editors: Matilda K\u00e4stel and Sheena Malone<br \/>\nTranslation: CBG Consult (Chris Kleinman, Sara Hamn\u00e9n)<br \/>\nLogistics Manager: Patrik Lindgren<br \/>\nProperty Manager: Joakim Helmerson<br \/>\nA big thank you to Vasakronan, F\u00e4rgfabriken, Platform Stockholm, plus WordPress and all code\/plug-in developers out there.<\/p>\n","protected":false},"excerpt":{"rendered":"<p>Exhibition The opening at Konstfack is on Wednesday 13 May, 12\u20137 pm. Inaugural speeches at 4:30 pm by Vice-Chancellor Anna Valtonen and curators Abir Boukhari and Ulrika Flink. The opening at F\u00e4rgfabriken and Platform Stockholm is also on Wednesday 13 May, 12\u20137 pm. An inaugural speech by the Vice-Chancellor will be held at F\u00e4rgfabriken at&hellip; <a class=\"more-link\" href=\"https:\/\/konstfack2026.se\/en\/info\/\">Continue reading <span class=\"screen-reader-text\">Info<\/span><\/a><\/p>\n","protected":false},"author":1,"featured_media":549,"parent":0,"menu_order":0,"comment_status":"closed","ping_status":"closed","template":"","meta":{"footnotes":""},"class_list":["post-54","page","type-page","status-publish","has-post-thumbnail","hentry","entry"],"_links":{"self":[{"href":"https:\/\/konstfack2026.se\/en\/wp-json\/wp\/v2\/pages\/54","targetHints":{"allow":["GET"]}}],"collection":[{"href":"https:\/\/konstfack2026.se\/en\/wp-json\/wp\/v2\/pages"}],"about":[{"href":"https:\/\/konstfack2026.se\/en\/wp-json\/wp\/v2\/types\/page"}],"author":[{"embeddable":true,"href":"https:\/\/konstfack2026.se\/en\/wp-json\/wp\/v2\/users\/1"}],"replies":[{"embeddable":true,"href":"https:\/\/konstfack2026.se\/en\/wp-json\/wp\/v2\/comments?post=54"}],"version-history":[{"count":7,"href":"https:\/\/konstfack2026.se\/en\/wp-json\/wp\/v2\/pages\/54\/revisions"}],"predecessor-version":[{"id":3932,"href":"https:\/\/konstfack2026.se\/en\/wp-json\/wp\/v2\/pages\/54\/revisions\/3932"}],"wp:featuredmedia":[{"embeddable":true,"href":"https:\/\/konstfack2026.se\/en\/wp-json\/wp\/v2\/media\/549"}],"wp:attachment":[{"href":"https:\/\/konstfack2026.se\/en\/wp-json\/wp\/v2\/media?parent=54"}],"curies":[{"name":"wp","href":"https:\/\/api.w.org\/{rel}","templated":true}]}}