{"id":50,"date":"2026-02-18T11:42:16","date_gmt":"2026-02-18T10:42:16","guid":{"rendered":"https:\/\/konstfack2026.se\/?page_id=50"},"modified":"2026-05-12T18:59:38","modified_gmt":"2026-05-12T16:59:38","slug":"events","status":"publish","type":"page","link":"https:\/\/konstfack2026.se\/en\/events\/","title":{"rendered":"Events"},"content":{"rendered":"<div class=\"expired-content\"><\/p>\n<div class=\"page-events-date\">Wednesday, 13 May<\/div>\n<div class=\"page-events-time-text-wrapper\">\n<div class=\"page-events-time\">4:30 pm <\/div>\n<div class=\"page-events-text\">\n<div class=\"page-events-headline\">Welcome to the inauguration of the master\u2019s, bachelor\u2019s, and teacher education students\u2019 Degree Exhibition with Vice-Chancellor Anna Valtonen and the curators Abir Boukhari and Ulrika Flink.<\/div>\n<p>Location: Mandelgren <\/p><\/div>\n<\/div>\n<div class=\"space-before-event-date\"><\/div>\n<div class=\"space-before-event-date\"><\/div>\n<div class=\"page-events-time-text-wrapper\">\n<div class=\"page-events-time\">5:30 pm<\/div>\n<div class=\"page-events-text\">\n<div class=\"page-events-headline\">Welcome to the inauguration of the Master\u2019s Fine Art students\u2019 Degree Exhibition at F\u00e4rgfabriken with Vice-Chancellor Anna Valtonen.<\/div>\n<p>Location: F\u00e4rgfabriken <\/p><\/div>\n<\/div>\n<div class=\"space-before-event-date\"><\/div>\n<div class=\"space-before-event-date\"><\/div>\n<div class=\"page-events-time-text-wrapper\">\n<div class=\"page-events-time\">12:00\u20133:00 pm <\/div>\n<div class=\"page-events-text\">\n<div class=\"page-events-headline\">Lea Eilers, Bachelor\u2019s programme, Fine Art<\/div>\n<p>Title: Try Dumpster Food<\/p>\n<p>Have you ever wanted to eat trash? In this installation, you have the chance to try dumpster food. The menu will change during the week depending on what I find.<\/p>\n<p>Location: Svarta Havet <\/p><\/div>\n<\/div>\n<div class=\"space-before-event-date\"><\/div>\n<div class=\"space-before-event-date\"><\/div>\n<div class=\"page-events-time-text-wrapper\">\n<div class=\"page-events-time\">1:00\u20132:00 pm <\/div>\n<div class=\"page-events-text\">\n<div class=\"page-events-headline\">Charlie Lennartsson, Teacher Education Programme in Visual Arts<\/div>\n<p>Title: Inauguration of a Collaborative Piece: Boundaries Made Visible <\/p>\n<p>The visitor is invited to contribute to the artwork through their own reflections. These are collected and made visible when the artwork is later destroyed. <\/p>\n<p>Location: The Deep Sea Gallery, entrance from Tellusg\u00e5ngen 2 <\/p><\/div>\n<\/div>\n<div class=\"space-before-event-date\"><\/div>\n<div class=\"space-before-event-date\"><\/div>\n<div class=\"page-events-time-text-wrapper\">\n<div class=\"page-events-time\">1:00\u20132:00 pm<br \/>5:00\u20136:00 pm <\/div>\n<div class=\"page-events-text\">\n<div class=\"page-events-headline\">Julia Johansson, Teacher Education Programme in Visual Arts<\/div>\n<p>Title: Confessions<\/p>\n<p>Enter the confessional and tell me your sins. Any thoughts about gender or transgender people that you feel you do not have a space to express, you can say them to me. No matter how vulgar, questioning, hateful or horny you may be, I can meet you with care. <\/p>\n<p>Location: Trapphus Gallery <\/p><\/div>\n<\/div>\n<div class=\"space-before-event-date\"><\/div>\n<div class=\"space-before-event-date\"><\/div>\n<div class=\"page-events-time-text-wrapper\">\n<div class=\"page-events-time\">5:00 pm <\/div>\n<div class=\"page-events-text\">\n<div class=\"page-events-headline\">Yu-Chen Chang, Master\u2019s programme, CRAFT! Jewellery and Corpus<\/div>\n<p>Title: The Never-Ending Category: Incompleteness as a Nonverbal Survival Strategy<\/p>\n<p>The performance leads the audience into the artist\u2019s inner world, a space between the workbench and consciousness. Through movement, the artist activates his contemporary jewellery and balances stainless steel rods, creating a surreal experience.<\/p>\n<p>Location: Starting at Svarta Havet and ending in the basement at The Deep Sea Gallery <\/p><\/div>\n<\/div>\n<div class=\"space-before-event-date\"><\/div>\n<div class=\"space-before-event-date\"><\/div>\n<div class=\"page-events-time-text-wrapper\">\n<div class=\"page-events-time\">5:15 pm <\/div>\n<div class=\"page-events-text\">\n<div class=\"page-events-headline\">Students from Master\u2019s programme CRAFT!, Bachelor\u2019s programmes \u00c4dellab, Textile, Fine Art, plus Teacher Education Programme in Visual Arts: Alexander van Leer, Astrid Skagerstr\u00f6m, Lindau, Catriona Donald, Charlie Lennartsson, Ebba Bruce, Ela Strand, Ella Azc\u00e1rate Lindblom, Emilia Broberg, Emma Hansson, Eric Lagergren, Hedda S\u00f6derlund, Peter Kleman, Siri Junell, Thea Str\u00f6msten, Thyra Weiss, Vanja Hamdahl, and  Yu-Chen Chan<\/div>\n<p>Title: Inauguration of the new Konstfack gallery space \u201cThe Deep Sea\u201d <\/p>\n<p>Welcome to the inauguration of a new gallery at Konstfack called \u201cThe Deep Sea\u201d. This is an initiative by the students exhibiting in the space.<\/p>\n<p>Location: The Deep Sea Gallery, Tellusg\u00e5ngen 2<\/p><\/div>\n<\/div>\n<div class=\"space-before-event-date\"><\/div>\n<div class=\"space-before-event-date\"><\/div>\n<div class=\"space-before-event-date\"><\/div>\n<p><\/div>\n<p><!-- ----------------------------------------------------- --><\/p>\n<div class=\"expired-content\"><\/p>\n<div class=\"page-events-date\">Thursday, 14 May<\/div>\n<div class=\"page-events-time-text-wrapper\">\n<div class=\"page-events-time\">6:00\u20137:30 pm <\/div>\n<div class=\"page-events-text\">\n<div class=\"page-events-headline\">Nanna Li, Master\u2019s programme, Visual Communication<\/div>\n<p>Title: \u201chej v\u00e4nnen\u201d &#8211; a conversation about being Asian in Sweden with Tobias H\u00fcbinette<\/p>\n<p>A conversation between Nanna Li and researcher\/author Tobias H\u00fcbinette about being Asian* in Sweden. With Li\u2019s graduation project \u201chej v\u00e4nnen\u201d and Tobias\u2019 book \u201cSwedish Asians\u201d as starting points, we\u2019ll move between personal experiences and broader perspectives. <\/p>\n<p>*\u201cAsian\u201d here refers to people with East and Southeast Asian backgrounds.<\/p>\n<p>Location: Mandelgren<\/p><\/div>\n<\/div>\n<div class=\"space-before-event-date\"><\/div>\n<div class=\"space-before-event-date\"><\/div>\n<div class=\"space-before-event-date\"><\/div>\n<p><\/div>\n<p><!-- ----------------------------------------------------- --><\/p>\n<div class=\"expired-content\"><\/p>\n<div class=\"page-events-date\">Friday, 15 May<\/div>\n<div class=\"page-events-time-text-wrapper\">\n<div class=\"page-events-time\">4:00 pm <\/div>\n<div class=\"page-events-text\">\n<div class=\"page-events-headline\">Ricardo Lima, Master\u2019s programme, CRAFT! Ceramics and Glass<\/div>\n<p>Title: Phonotriene<\/p>\n<p>In \u201cPhonotriene\u201d, ceramic and human bodies collaborate in a spiritual repatriation ritual expressed through sound, movement, and materiality. Viking entities, which have been summoned for decades by Venezuelan shamans to guide and protect their followers, are now offered a passage to return to their ancient homeland.<\/p>\n<p>Location: Trapphus Gallery <\/p><\/div>\n<\/div>\n<div class=\"space-before-event-date\"><\/div>\n<div class=\"space-before-event-date\"><\/div>\n<div class=\"page-events-time-text-wrapper\">\n<div class=\"page-events-time\">4:30\u20135:00 pm <\/div>\n<div class=\"page-events-text\">\n<div class=\"page-events-headline\">Francesca Pezzotti, Master\u2019s programme, Design Ecologies<\/div>\n<p>Title: Design talk: Designing a Transition for Regenerative Wildfires with Biochar<\/p>\n<p>As boreal forests become increasingly vulnerable to wildfires, this talk reflects on soil moisture and carbon as conditions shaping regeneration. Through material exploration with biochar and two time-based interventions, it explores how forest management might be rethought over time, opening space for more regenerative approaches to wildfire prevention.<\/p>\n<p>Location: S2 <\/p><\/div>\n<\/div>\n<div class=\"space-before-event-date\"><\/div>\n<div class=\"space-before-event-date\"><\/div>\n<div class=\"page-events-time-text-wrapper\">\n<div class=\"page-events-time\">5:30 pm <\/div>\n<div class=\"page-events-text\">\n<div class=\"page-events-headline\">Yu-Chen Chang, Master\u2019s programme, CRAFT! Jewellery and Corpus<\/div>\n<p>Title: The Never-Ending Category: Incompleteness as a Nonverbal Survival Strategy<\/p>\n<p>The performance leads the audience into the artist\u2019s inner world, a space between the workbench and consciousness. Through movement, the artist activates his contemporary jewellery and balances stainless steel rods, creating a surreal experience.<\/p>\n<p>Location: Starting at Svarta Havet and ending in the Basement at The Deep Sea Gallery<\/p><\/div>\n<\/div>\n<div class=\"space-before-event-date\"><\/div>\n<div class=\"space-before-event-date\"><\/div>\n<div class=\"space-before-event-date\"><\/div>\n<p><\/div>\n<p><!-- ----------------------------------------------------- --><\/p>\n<div class=\"expired-content\"><\/p>\n<div class=\"page-events-date\">Saturday, 16 May<\/div>\n<div class=\"page-events-time-text-wrapper\">\n<div class=\"page-events-time\">2:00\u20133:00 pm <\/div>\n<div class=\"page-events-text\">\n<div class=\"page-events-headline\">Julia Johansson, Teacher Education Programme in Visual Arts<\/div>\n<p>Title: Confessions<br \/>\nEnter the confessional and tell me your sins. Any thoughts of gender or transpeople that you feel you do not have a space to tell, you can say them to me. No matter how vulgar, questioning, hateful or horny you may be, I can meet you with care. <\/p>\n<p>Location: Trapphus Gallery <\/p><\/div>\n<\/div>\n<div class=\"space-before-event-date\"><\/div>\n<div class=\"space-before-event-date\"><\/div>\n<div class=\"page-events-time-text-wrapper\">\n<div class=\"page-events-time\">3:00 pm <\/div>\n<div class=\"page-events-text\">\n<div class=\"page-events-headline\">Yu-Chen Chang, Master\u2019s programme, CRAFT! Jewellery and Corpus<\/div>\n<p>Title: The Never-Ending Category: Incompleteness as a Nonverbal Survival Strategy<\/p>\n<p>The performance leads the audience into the artist\u2019s inner world, a space between the workbench and consciousness. Through movement, the artist activates his contemporary jewellery and balances stainless steel rods, creating a surreal experience.<\/p>\n<p>Location: Starting at Svarta Havet and ending at The Deep Sea Gallery <\/p><\/div>\n<\/div>\n<div class=\"space-before-event-date\"><\/div>\n<div class=\"space-before-event-date\"><\/div>\n<div class=\"page-events-time-text-wrapper\">\n<div class=\"page-events-time\">4:00 pm <\/div>\n<div class=\"page-events-text\">\n<div class=\"page-events-headline\">Ricardo Lima, Master\u2019s programme, CRAFT! Ceramics and Glass<\/div>\n<p>Title: Phonotriene<\/p>\n<p>In Phonotriene, ceramic and human bodies collaborate in a spiritual repatriation ritual expressed through sound, movement, and materiality. Viking entities, which have been summoned for decades by Venezuelan shamans to guide and protect their followers, are now offered a passage to return to their ancient homeland.<\/p>\n<p>Location: Trapphus Gallery<\/p><\/div>\n<\/div>\n<div class=\"space-before-event-date\"><\/div>\n<div class=\"space-before-event-date\"><\/div>\n<div class=\"space-before-event-date\"><\/div>\n<p><\/div>\n<p><!-- ----------------------------------------------------- --><\/p>\n<div class=\"expired-content\"><\/p>\n<div class=\"page-events-date\">Sunday, 17 May<\/div>\n<div class=\"page-events-time-text-wrapper\">\n<div class=\"page-events-time\">2:00\u20133:00 pm <\/div>\n<div class=\"page-events-text\">\n<div class=\"page-events-headline\">Julia Johansson, Teacher Education Programme in Visual Arts<\/div>\n<p>Title: Confessions<\/p>\n<p>Enter the confessional and tell me your sins. Any thoughts of gender or transpeople that you feel you do not have a space to tell, you can say them to me. No matter how vulgar, questioning, hateful or horny you may be, I can meet you with care. <\/p>\n<p>Location: Trapphusgalleriet<\/p><\/div>\n<\/div>\n<div class=\"space-before-event-date\"><\/div>\n<div class=\"space-before-event-date\"><\/div>\n<div class=\"space-before-event-date\"><\/div>\n<p><\/div>\n<p><!-- ----------------------------------------------------- --><\/p>\n<div class=\"expired-content\"><\/p>\n<div class=\"page-events-date\">Tuesday, 19 May<\/div>\n<div class=\"page-events-time-text-wrapper\">\n<div class=\"page-events-time\">3:00 pm <\/div>\n<div class=\"page-events-text\">\n<div class=\"page-events-headline\">Charlie Lennartsson, Teacher Education Programme in Visual Arts<\/div>\n<p>Title: Destruction of the Piece: Boundaries Made Visible<br \/>\nThe visitor is invited to contribute to the artwork through their own reflections. These are collected and made visible when the artwork is later destroyed.<br \/>\nLocation: The Deep Sea, entrance from Tellusg\u00e5ngen 2<\/p><\/div>\n<\/div>\n<div class=\"space-before-event-date\"><\/div>\n<div class=\"space-before-event-date\"><\/div>\n<div class=\"space-before-event-date\"><\/div>\n<p><\/div>\n<p><!-- ----------------------------------------------------- --><br \/>\n<div class=\"expired-content\"><\/p>\n<div class=\"page-events-date\">Wednesday, 20 May<\/div>\n<div class=\"page-events-time-text-wrapper\">\n<div class=\"page-events-time\">2:00\u20134:00 pm <\/div>\n<div class=\"page-events-text\">\n<div class=\"page-events-headline\">CuratorLab with Florian Auer, Laisa Conde, Johan Devigo, Tina Helmersson, Aleksandra Jarosz Laszlo, Dafne Leidi, Therese Nilsson, Vanesa Pe\u00f1a, Marybeth Sandell and Marti Manen.<\/div>\n<p>Title: Curating Between Platforms and Performativity <\/p>\n<p>Participants from CuratorLab will present their final curatorial projects, developed after a year of exploring platforms and performativity from a curatorial perspective. These projects span a wide range of approaches, including hair salons, cassette tapes, sunken ships, gossip magazines, meditation, open archives, emotional engagements with historical material, and open-ended questions about possible forms of gathering within contemporary art.<\/p>\n<p>Location: Moderna Museet, Visningsmagasinet <\/p><\/div>\n<\/div>\n<div class=\"space-before-event-date\"><\/div>\n<div class=\"space-before-event-date\"><\/div>\n<div class=\"page-events-time-text-wrapper\">\n<div class=\"page-events-time\">2:30\u20133:00 pm <\/div>\n<div class=\"page-events-text\">\n<div class=\"page-events-headline\">Francesca Pezzotti, Master\u2019s programme, Design Ecologies<\/div>\n<p>Title: Design talk: Designing a transition for regenerative wildfires with biochar<\/p>\n<p>As boreal forests become increasingly vulnerable to wildfires, this talk reflects on soil moisture and carbon as conditions shaping regeneration. Through material exploration with biochar and two time-based interventions, it explores how forest management might be rethought over time, opening space for more regenerative approaches to wildfire prevention.<\/p>\n<p>Location: S2<\/p><\/div>\n<\/div>\n<div class=\"space-before-event-date\"><\/div>\n<div class=\"space-before-event-date\"><\/div>\n<div class=\"space-before-event-date\"><\/div>\n<p><\/div><\/p>\n<p><!-- ----------------------------------------------------- --><\/p>\n<div class=\"expired-content\"><\/p>\n<div class=\"page-events-date\">Thursday, 21 May<\/div>\n<div class=\"page-events-time-text-wrapper\">\n<div class=\"page-events-time\">6:00\u20138:30 pm <\/div>\n<div class=\"page-events-text\">\n<div class=\"page-events-headline\">Nanna Li, Master\u2019s programme, Visual Communication<\/div>\n<p>Title: Swedish Asians\u2013a relational exploration** with Magdalena Tran<\/p>\n<p>A workshop with relational artist Magdalena Tran in a practice called circling. Here, participants are invited into an exploration into experiences of identity, belonging, and being Asian in Sweden. Through simple somatic and relational exercises, we create a space for reflection, listening, and authentic connection.<\/p>\n<p>** This workshop is aimed at people with East and Southeast Asian backgrounds in Sweden. Registration is required. Please email nannali@gmail.com<\/p>\n<p>Location: Vita havet <\/p><\/div>\n<\/div>\n<div class=\"space-before-event-date\"><\/div>\n<div class=\"space-before-event-date\"><\/div>\n<div class=\"page-events-time-text-wrapper\">\n<div class=\"page-events-time\">6:00\u20138:00 pm <\/div>\n<div class=\"page-events-text\">\n<div class=\"page-events-headline\">Michelle Heising, Master\u2019s programme, Design Ecologies<\/div>\n<p>Title: The Reed Cycle\u2013Design Talk (in English)<\/p>\n<p>The designer is presenting her degree work in an exclusive talk with an open discussion. The project is tackling aquatic bioremediation and community creation through reed harvest in the Baltic Sea area and is showcasing a potential utilization of reed plants in a design and system proposal.<br \/>\nMore information: <a href=\"http:\/\/www.mhei-design.eu\" target=\"_blank\">www.mhei-design.eu<\/a><\/p>\n<p>Location: Caf\u00e9 Glasklart<\/p><\/div>\n<\/div>\n<div class=\"space-before-event-date\"><\/div>\n<div class=\"space-before-event-date\"><\/div>\n<div class=\"space-before-event-date\"><\/div>\n<p><\/div>\n<p><!-- ----------------------------------------------------- --><\/p>\n<div class=\"expired-content\"><\/p>\n<div class=\"page-events-date\">Friday, 22 May<\/div>\n<div class=\"page-events-time-text-wrapper\">\n<div class=\"page-events-time\">12:00\u20133:00 pm <\/div>\n<div class=\"page-events-text\">\n<div class=\"page-events-headline\">Lea Eilers, Bachelor\u2019s programme, Fine Art<\/div>\n<p>Title: Try Dumpster Food<\/p>\n<p>Have you ever wanted to eat trash? In this installation, you have the chance to try dumpster food. The menu will change during the week depending on what I find.<\/p>\n<p>Location: Svarta havet <\/p><\/div>\n<\/div>\n<div class=\"space-before-event-date\"><\/div>\n<div class=\"space-before-event-date\"><\/div>\n<div class=\"page-events-time-text-wrapper\">\n<div class=\"page-events-time\">5:00\u20137:00 pm <\/div>\n<div class=\"page-events-text\">\n<div class=\"page-events-headline\">Design Ecologies Master\u2019s programme with \u00c5ke Andersson, Andreas Lejon, Anna Maier, Brohwyn Brennan, \u00c9milie Gibert, Francesca Pezzotti Schjetnan, Linn Thomessen, Michelle Heising, Panisa Jermhansa, Rebecka \u00d6sterlund, and Soraya Hassan.<\/div>\n<p>Title: Design Ecologies Degree Projects Tour<\/p>\n<p>The Master\u2019s programme Design Ecologies is hosting a guided tour through the class\u2019s degree projects, with students presenting and talking about their work. The tour will be held in English. RSVP &#8211; michelle.heising@student.konstfack.se<\/p>\n<p>Location: The meeting point is at Infocenter <\/p><\/div>\n<\/div>\n<div class=\"space-before-event-date\"><\/div>\n<div class=\"space-before-event-date\"><\/div>\n<div class=\"page-events-time-text-wrapper\">\n<div class=\"page-events-time\">5:30 pm <\/div>\n<div class=\"page-events-text\">\n<div class=\"page-events-headline\">Yu-Chen Chang, Master\u2019s programme, CRAFT! Jewellery and Corpus<\/div>\n<p>Title: The Never-Ending Category: Incompleteness as a Nonverbal Survival Strategy<br \/>\nThe performance leads the audience into the artist\u2019s inner world, a space between the workbench and consciousness. Through movement, the artist activates his contemporary jewellery and balances stainless steel rods, creating a surreal experience.<\/p>\n<p>Location: Starting at Svarta havet and ending at The Deep Sea Gallery <\/p><\/div>\n<\/div>\n<div class=\"space-before-event-date\"><\/div>\n<div class=\"space-before-event-date\"><\/div>\n<div class=\"page-events-time-text-wrapper\">\n<div class=\"page-events-time\">6:00\u20138:00 pm <\/div>\n<div class=\"page-events-text\">\n<div class=\"page-events-headline\">Nanna Li, Master\u00b4s programme, Visual Communication<\/div>\n<p>Title: \u2018I become more with you\u2019 &#8211; film screening &#038; a conversation about growing up in Sweden with MyNa Do &#038; Farah Yusuf<\/p>\n<p>A screening of the documentary \u201cI become more with you\u201d\u2013by MyNa &#038; Farah. Starting with the film\u2013which explores friendship, creativity, and growing up in a small town\u2013we follow with a conversation about our different experiences of Sweden, and how they are shaped by place, relationships, and context.<br \/>\nMore about the film: <a href=\"https:\/\/www.pramfilm.se\/i-become-more-with-you\/\" target=\"_blank\">www.pramfilm.se\/i-become-more-with-you\/<\/a><\/p>\n<p>Location: Mandelgren<\/p><\/div>\n<\/div>\n<div class=\"space-before-event-date\"><\/div>\n<div class=\"space-before-event-date\"><\/div>\n<div class=\"space-before-event-date\"><\/div>\n<p><\/div>\n<p><!-- ----------------------------------------------------- --><\/p>\n<div class=\"expired-content\"><\/p>\n<div class=\"page-events-date\">Saturday, 23 May<\/div>\n<div class=\"page-events-time-text-wrapper\">\n<div class=\"page-events-time\">2:00\u20133:00 pm <\/div>\n<div class=\"page-events-text\">\n<div class=\"page-events-headline\">Julia Johansson, Teacher&#8217;s Education programme<\/div>\n<p>Title: Confessions<\/p>\n<p>Enter the confessional and tell me your sins. Any thoughts of gender or transpeople that you feel you do not have a space to tell, you can say them to me. No matter how vulgar, questioning, hateful or horny you may be, I can meet you with care. <\/p>\n<p>Location: Trapphus Gallery <\/p><\/div>\n<\/div>\n<div class=\"space-before-event-date\"><\/div>\n<div class=\"space-before-event-date\"><\/div>\n<div class=\"page-events-time-text-wrapper\">\n<div class=\"page-events-time\">3:00 pm <\/div>\n<div class=\"page-events-text\">\n<div class=\"page-events-headline\">Yu-Chen Chang, Master\u2019s programme, Craft! Jewellery and Corpus<\/div>\n<p>Title: The Never-Ending Category: Incompleteness as a Nonverbal Survival Strategy<\/p>\n<p>The performance leads the audience into the artist\u2019s inner world, a space between the workbench and consciousness. Through movement, the artist activates his contemporary jewellery and balances stainless steel rods, creating a surreal experience.<\/p>\n<p>Location: Starting at Svarta Havet and ending in The Deep Sea Gallery<\/p><\/div>\n<\/div>\n<div class=\"space-before-event-date\"><\/div>\n<div class=\"space-before-event-date\"><\/div>\n<div class=\"space-before-event-date\"><\/div>\n<p><\/div>\n<p><!-- ----------------------------------------------------- --><\/p>\n<div class=\"expired-content\"><\/p>\n<div class=\"page-events-date\">Sunday, 24 May<\/div>\n<div class=\"page-events-time-text-wrapper\">\n<div class=\"page-events-time\">2:00\u20133:00 pm <\/div>\n<div class=\"page-events-text\">\n<div class=\"page-events-headline\">Julia Johansson, Teacher Education Programme in Visual Arts<\/div>\n<p>Title: Confessions<\/p>\n<p>Enter the confessional and tell me your sins. Any thoughts of gender or transpeople that you feel you do not have a space to tell, you can say them to me. No matter how vulgar, questioning, hateful or horny you may be, I can meet you with care. <\/p>\n<p>Location: Trapphus Gallery<\/p><\/div>\n<\/div>\n<p><\/div>\n","protected":false},"excerpt":{"rendered":"","protected":false},"author":1,"featured_media":549,"parent":0,"menu_order":0,"comment_status":"closed","ping_status":"closed","template":"page-events.php","meta":{"footnotes":""},"class_list":["post-50","page","type-page","status-publish","has-post-thumbnail","hentry","entry"],"_links":{"self":[{"href":"https:\/\/konstfack2026.se\/en\/wp-json\/wp\/v2\/pages\/50","targetHints":{"allow":["GET"]}}],"collection":[{"href":"https:\/\/konstfack2026.se\/en\/wp-json\/wp\/v2\/pages"}],"about":[{"href":"https:\/\/konstfack2026.se\/en\/wp-json\/wp\/v2\/types\/page"}],"author":[{"embeddable":true,"href":"https:\/\/konstfack2026.se\/en\/wp-json\/wp\/v2\/users\/1"}],"replies":[{"embeddable":true,"href":"https:\/\/konstfack2026.se\/en\/wp-json\/wp\/v2\/comments?post=50"}],"version-history":[{"count":8,"href":"https:\/\/konstfack2026.se\/en\/wp-json\/wp\/v2\/pages\/50\/revisions"}],"predecessor-version":[{"id":3927,"href":"https:\/\/konstfack2026.se\/en\/wp-json\/wp\/v2\/pages\/50\/revisions\/3927"}],"wp:featuredmedia":[{"embeddable":true,"href":"https:\/\/konstfack2026.se\/en\/wp-json\/wp\/v2\/media\/549"}],"wp:attachment":[{"href":"https:\/\/konstfack2026.se\/en\/wp-json\/wp\/v2\/media?parent=50"}],"curies":[{"name":"wp","href":"https:\/\/api.w.org\/{rel}","templated":true}]}}